{"id":817,"date":"2020-02-06T16:45:31","date_gmt":"2020-02-06T15:45:31","guid":{"rendered":"https:\/\/www.vssw.de\/?page_id=817"},"modified":"2026-01-10T07:54:27","modified_gmt":"2026-01-10T06:54:27","slug":"dormitories","status":"publish","type":"page","link":"https:\/\/www.vssw.de\/en\/dormitories\/","title":{"rendered":"Dormitories"},"content":{"rendered":"\n<style type=\"text\/css\" data-created_by=\"avia_inline_auto\" id=\"style-css-av-k08ei4qc-9ca3da40457c4719def2af60832c75eb\">\n.avia-section.av-k08ei4qc-9ca3da40457c4719def2af60832c75eb .av-parallax .av-parallax-inner{\nbackground-repeat:no-repeat;\nbackground-image:url(https:\/\/www.vssw.de\/UP1\/wp-content\/uploads\/2019\/09\/Wohnheime-Studenten-Stuttgart.jpg);\nbackground-position:0% 100%;\nbackground-attachment:scroll;\n}\n.avia-section.av-k08ei4qc-9ca3da40457c4719def2af60832c75eb .av-section-color-overlay{\nopacity:0.2;\nbackground-color:#000000;\n}\n<\/style>\n<div id='av_section_1'  class='avia-section av-k08ei4qc-9ca3da40457c4719def2af60832c75eb main_color avia-section-large avia-no-border-styling  avia-builder-el-0  el_before_av_section  avia-builder-el-first  avia-full-stretch av-parallax-section avia-bg-style-parallax av-section-color-overlay-active av-minimum-height av-minimum-height-custom av-height-custom  container_wrap sidebar_right'  data-section-bg-repeat='stretch' data-av_minimum_height_px='330'><div class='av-parallax' data-avia-parallax-ratio='0.3' ><div class='av-parallax-inner main_color avia-full-stretch'><\/div><\/div><div class=\"av-section-color-overlay-wrap\"><div class=\"av-section-color-overlay\"><\/div><div class='container av-section-cont-open' style='height:330px'><main  role=\"main\" itemprop=\"mainContentOfPage\"  class='template-page content  av-content-small alpha units'><div class='post-entry post-entry-type-page post-entry-817'><div class='entry-content-wrapper clearfix'>\n<section  class='av_textblock_section av-k0465bx1-d5070ca736b08a14d7f95fdb88ba8d50 '   itemscope=\"itemscope\" itemtype=\"https:\/\/schema.org\/CreativeWork\" ><div class='avia_textblock'  itemprop=\"text\" ><h1><span style=\"color: #ffffff;\">Dormitories<\/span><\/h1>\n<\/div><\/section>\n\n<\/div><\/div><\/main><!-- close content main element --><\/div><\/div><\/div><div id='av_section_2'  class='avia-section av-1cfgg-48bb019715012470ae4a9580ba82636c main_color avia-section-default avia-no-border-styling  avia-builder-el-2  el_after_av_section  avia-builder-el-last  avia-bg-style-scroll container_wrap sidebar_right'  ><div class='container av-section-cont-open' ><div class='template-page content  av-content-small alpha units'><div class='post-entry post-entry-type-page post-entry-817'><div class='entry-content-wrapper clearfix'>\n<section  class='av_textblock_section av-l0fnzt1e-f979455fd5ff51f2914c4d9ea3674f96 '   itemscope=\"itemscope\" itemtype=\"https:\/\/schema.org\/CreativeWork\" ><div class='avia_textblock'  itemprop=\"text\" ><h1>Green Electricity<\/h1>\n<div class=\"ce-textpic ce-right ce-intext\">\n<div class=\"ce-bodytext\">\n<p>In the residential complexes operated by us and our administration, is used only green electricity from the provider Lichtblick. They offer 100% green electricity from German hydropower.<\/p>\n<\/div>\n<\/div>\n<\/div><\/section>\n<div  id=\"av-sc-portfolio-1\"  class=' grid-sort-container isotope   no_margin-container with-excerpt-container grid-total-odd grid-col-4 grid-links-' data-portfolio-id='1'><div data-ajax-id='880' class=' grid-entry flex_column isotope-item all_sort no_margin post-entry post-entry-880 grid-entry-overview grid-loop-1 grid-parity-odd   av_one_fourth first default_av_fullwidth '><article class='main_color inner-entry'  itemscope=\"itemscope\" itemtype=\"https:\/\/schema.org\/CreativeWork\" ><a href=\"https:\/\/www.vssw.de\/en\/studentenwohnheim\/allmandring-i\/\" title='Allmandring I'  data-rel='grid-1' class='grid-image avia-hover-fx'> <img decoding=\"async\" fetchpriority=\"high\" width=\"1200\" height=\"800\" src=\"https:\/\/www.vssw.de\/UP1\/wp-content\/uploads\/2019\/09\/Allmandring-1-13.jpg\" class=\"wp-image-664 avia-img-lazy-loading-not-664 attachment-no scaling size-no scaling wp-post-image\" alt=\"\" srcset=\"https:\/\/www.vssw.de\/UP1\/wp-content\/uploads\/2019\/09\/Allmandring-1-13.jpg 1200w, https:\/\/www.vssw.de\/UP1\/wp-content\/uploads\/2019\/09\/Allmandring-1-13-300x200.jpg 300w, https:\/\/www.vssw.de\/UP1\/wp-content\/uploads\/2019\/09\/Allmandring-1-13-768x512.jpg 768w, https:\/\/www.vssw.de\/UP1\/wp-content\/uploads\/2019\/09\/Allmandring-1-13-1030x687.jpg 1030w, https:\/\/www.vssw.de\/UP1\/wp-content\/uploads\/2019\/09\/Allmandring-1-13-705x470.jpg 705w\" sizes=\"(max-width: 1200px) 100vw, 1200px\" \/><\/a><div class='grid-content'><div class='avia-arrow'><\/div><header class=\"entry-content-header\" aria-label=\"Portfolio: Allmandring I\"><h3 class='grid-entry-title entry-title '  itemprop=\"headline\" ><a href='https:\/\/www.vssw.de\/en\/studentenwohnheim\/allmandring-i\/' title='Allmandring I'>Allmandring I<\/a><\/h3><\/header><\/div><footer class=\"entry-footer\"><\/footer><\/article><\/div><div data-ajax-id='886' class=' grid-entry flex_column isotope-item all_sort no_margin post-entry post-entry-886 grid-entry-overview grid-loop-2 grid-parity-even   av_one_fourth  default_av_fullwidth '><article class='main_color inner-entry'  itemscope=\"itemscope\" itemtype=\"https:\/\/schema.org\/CreativeWork\" ><a href=\"https:\/\/www.vssw.de\/en\/studentenwohnheim\/allmandring-ii\/\" title='Allmandring II'  data-rel='grid-1' class='grid-image avia-hover-fx'> <img decoding=\"async\" fetchpriority=\"high\" width=\"1200\" height=\"800\" src=\"https:\/\/www.vssw.de\/UP1\/wp-content\/uploads\/2019\/09\/Allmandring-2-5.jpg\" class=\"wp-image-669 avia-img-lazy-loading-not-669 attachment-no scaling size-no scaling wp-post-image\" alt=\"\" srcset=\"https:\/\/www.vssw.de\/UP1\/wp-content\/uploads\/2019\/09\/Allmandring-2-5.jpg 1200w, https:\/\/www.vssw.de\/UP1\/wp-content\/uploads\/2019\/09\/Allmandring-2-5-300x200.jpg 300w, https:\/\/www.vssw.de\/UP1\/wp-content\/uploads\/2019\/09\/Allmandring-2-5-768x512.jpg 768w, https:\/\/www.vssw.de\/UP1\/wp-content\/uploads\/2019\/09\/Allmandring-2-5-1030x687.jpg 1030w, https:\/\/www.vssw.de\/UP1\/wp-content\/uploads\/2019\/09\/Allmandring-2-5-705x470.jpg 705w\" sizes=\"(max-width: 1200px) 100vw, 1200px\" \/><\/a><div class='grid-content'><div class='avia-arrow'><\/div><header class=\"entry-content-header\" aria-label=\"Portfolio: Allmandring II\"><h3 class='grid-entry-title entry-title '  itemprop=\"headline\" ><a href='https:\/\/www.vssw.de\/en\/studentenwohnheim\/allmandring-ii\/' title='Allmandring II'>Allmandring II<\/a><\/h3><\/header><\/div><footer class=\"entry-footer\"><\/footer><\/article><\/div><div data-ajax-id='891' class=' grid-entry flex_column isotope-item all_sort no_margin post-entry post-entry-891 grid-entry-overview grid-loop-3 grid-parity-odd   av_one_fourth  default_av_fullwidth '><article class='main_color inner-entry'  itemscope=\"itemscope\" itemtype=\"https:\/\/schema.org\/CreativeWork\" ><a href=\"https:\/\/www.vssw.de\/en\/studentenwohnheim\/allmandring-iv\/\" title='Allmandring IV'  data-rel='grid-1' class='grid-image avia-hover-fx'> <img decoding=\"async\" fetchpriority=\"high\" width=\"1920\" height=\"1281\" src=\"https:\/\/www.vssw.de\/UP1\/wp-content\/uploads\/2019\/09\/Stundentenwohnheim-Allmandring-IV.jpg\" class=\"wp-image-697 avia-img-lazy-loading-not-697 attachment-no scaling size-no scaling wp-post-image\" alt=\"\" srcset=\"https:\/\/www.vssw.de\/UP1\/wp-content\/uploads\/2019\/09\/Stundentenwohnheim-Allmandring-IV.jpg 1920w, https:\/\/www.vssw.de\/UP1\/wp-content\/uploads\/2019\/09\/Stundentenwohnheim-Allmandring-IV-300x200.jpg 300w, https:\/\/www.vssw.de\/UP1\/wp-content\/uploads\/2019\/09\/Stundentenwohnheim-Allmandring-IV-768x512.jpg 768w, https:\/\/www.vssw.de\/UP1\/wp-content\/uploads\/2019\/09\/Stundentenwohnheim-Allmandring-IV-1030x687.jpg 1030w, https:\/\/www.vssw.de\/UP1\/wp-content\/uploads\/2019\/09\/Stundentenwohnheim-Allmandring-IV-1500x1001.jpg 1500w, https:\/\/www.vssw.de\/UP1\/wp-content\/uploads\/2019\/09\/Stundentenwohnheim-Allmandring-IV-705x470.jpg 705w\" sizes=\"(max-width: 1920px) 100vw, 1920px\" \/><\/a><div class='grid-content'><div class='avia-arrow'><\/div><header class=\"entry-content-header\" aria-label=\"Portfolio: Allmandring IV\"><h3 class='grid-entry-title entry-title '  itemprop=\"headline\" ><a href='https:\/\/www.vssw.de\/en\/studentenwohnheim\/allmandring-iv\/' title='Allmandring IV'>Allmandring IV<\/a><\/h3><\/header><\/div><footer class=\"entry-footer\"><\/footer><\/article><\/div><div data-ajax-id='896' class=' grid-entry flex_column isotope-item all_sort no_margin post-entry post-entry-896 grid-entry-overview grid-loop-4 grid-parity-even   av_one_fourth  default_av_fullwidth '><article class='main_color inner-entry'  itemscope=\"itemscope\" itemtype=\"https:\/\/schema.org\/CreativeWork\" ><a href=\"https:\/\/www.vssw.de\/en\/studentenwohnheim\/pfaffenhof-i\/\" title='Pfaffenhof I'  data-rel='grid-1' class='grid-image avia-hover-fx'> <img decoding=\"async\" fetchpriority=\"high\" width=\"1200\" height=\"800\" src=\"https:\/\/www.vssw.de\/UP1\/wp-content\/uploads\/2019\/09\/Pfaffenwaldring-1-3-1.jpg\" class=\"wp-image-672 avia-img-lazy-loading-not-672 attachment-no scaling size-no scaling wp-post-image\" alt=\"\" srcset=\"https:\/\/www.vssw.de\/UP1\/wp-content\/uploads\/2019\/09\/Pfaffenwaldring-1-3-1.jpg 1200w, https:\/\/www.vssw.de\/UP1\/wp-content\/uploads\/2019\/09\/Pfaffenwaldring-1-3-1-300x200.jpg 300w, https:\/\/www.vssw.de\/UP1\/wp-content\/uploads\/2019\/09\/Pfaffenwaldring-1-3-1-768x512.jpg 768w, https:\/\/www.vssw.de\/UP1\/wp-content\/uploads\/2019\/09\/Pfaffenwaldring-1-3-1-1030x687.jpg 1030w, https:\/\/www.vssw.de\/UP1\/wp-content\/uploads\/2019\/09\/Pfaffenwaldring-1-3-1-705x470.jpg 705w\" sizes=\"(max-width: 1200px) 100vw, 1200px\" \/><\/a><div class='grid-content'><div class='avia-arrow'><\/div><header class=\"entry-content-header\" aria-label=\"Portfolio: Pfaffenhof I\"><h3 class='grid-entry-title entry-title '  itemprop=\"headline\" ><a href='https:\/\/www.vssw.de\/en\/studentenwohnheim\/pfaffenhof-i\/' title='Pfaffenhof I'>Pfaffenhof I<\/a><\/h3><\/header><\/div><footer class=\"entry-footer\"><\/footer><\/article><\/div><div data-ajax-id='907' class=' grid-entry flex_column isotope-item all_sort no_margin post-entry post-entry-907 grid-entry-overview grid-loop-5 grid-parity-odd   av_one_fourth first default_av_fullwidth '><article class='main_color inner-entry'  itemscope=\"itemscope\" itemtype=\"https:\/\/schema.org\/CreativeWork\" ><a href=\"https:\/\/www.vssw.de\/en\/studentenwohnheim\/pfaffenhof-ii\/\" title='Pfaffenhof II'  data-rel='grid-1' class='grid-image avia-hover-fx'> <img decoding=\"async\" fetchpriority=\"high\" width=\"1200\" height=\"800\" src=\"https:\/\/www.vssw.de\/UP1\/wp-content\/uploads\/2019\/09\/Pfaffenwaldring-2-1.jpg\" class=\"wp-image-676 avia-img-lazy-loading-not-676 attachment-no scaling size-no scaling wp-post-image\" alt=\"\" srcset=\"https:\/\/www.vssw.de\/UP1\/wp-content\/uploads\/2019\/09\/Pfaffenwaldring-2-1.jpg 1200w, https:\/\/www.vssw.de\/UP1\/wp-content\/uploads\/2019\/09\/Pfaffenwaldring-2-1-300x200.jpg 300w, https:\/\/www.vssw.de\/UP1\/wp-content\/uploads\/2019\/09\/Pfaffenwaldring-2-1-768x512.jpg 768w, https:\/\/www.vssw.de\/UP1\/wp-content\/uploads\/2019\/09\/Pfaffenwaldring-2-1-1030x687.jpg 1030w, https:\/\/www.vssw.de\/UP1\/wp-content\/uploads\/2019\/09\/Pfaffenwaldring-2-1-705x470.jpg 705w\" sizes=\"(max-width: 1200px) 100vw, 1200px\" \/><\/a><div class='grid-content'><div class='avia-arrow'><\/div><header class=\"entry-content-header\" aria-label=\"Portfolio: Pfaffenhof II\"><h3 class='grid-entry-title entry-title '  itemprop=\"headline\" ><a href='https:\/\/www.vssw.de\/en\/studentenwohnheim\/pfaffenhof-ii\/' title='Pfaffenhof II'>Pfaffenhof II<\/a><\/h3><\/header><\/div><footer class=\"entry-footer\"><\/footer><\/article><\/div><div data-ajax-id='921' class=' grid-entry flex_column isotope-item all_sort no_margin post-entry post-entry-921 grid-entry-overview grid-loop-6 grid-parity-even   av_one_fourth  default_av_fullwidth '><article class='main_color inner-entry'  itemscope=\"itemscope\" itemtype=\"https:\/\/schema.org\/CreativeWork\" ><a href=\"https:\/\/www.vssw.de\/en\/studentenwohnheim\/straussaecker-i\/\" title='Strau\u00df\u00e4cker I'  data-rel='grid-1' class='grid-image avia-hover-fx'> <img decoding=\"async\" fetchpriority=\"high\" width=\"1200\" height=\"800\" src=\"https:\/\/www.vssw.de\/UP1\/wp-content\/uploads\/2019\/09\/Strau\u00df\u00e4cker-1-2.jpg\" class=\"wp-image-680 avia-img-lazy-loading-not-680 attachment-no scaling size-no scaling wp-post-image\" alt=\"\" srcset=\"https:\/\/www.vssw.de\/UP1\/wp-content\/uploads\/2019\/09\/Strau\u00df\u00e4cker-1-2.jpg 1200w, https:\/\/www.vssw.de\/UP1\/wp-content\/uploads\/2019\/09\/Strau\u00df\u00e4cker-1-2-300x200.jpg 300w, https:\/\/www.vssw.de\/UP1\/wp-content\/uploads\/2019\/09\/Strau\u00df\u00e4cker-1-2-768x512.jpg 768w, https:\/\/www.vssw.de\/UP1\/wp-content\/uploads\/2019\/09\/Strau\u00df\u00e4cker-1-2-1030x687.jpg 1030w, https:\/\/www.vssw.de\/UP1\/wp-content\/uploads\/2019\/09\/Strau\u00df\u00e4cker-1-2-705x470.jpg 705w\" sizes=\"(max-width: 1200px) 100vw, 1200px\" \/><\/a><div class='grid-content'><div class='avia-arrow'><\/div><header class=\"entry-content-header\" aria-label=\"Portfolio: Strau\u00df\u00e4cker I\"><h3 class='grid-entry-title entry-title '  itemprop=\"headline\" ><a href='https:\/\/www.vssw.de\/en\/studentenwohnheim\/straussaecker-i\/' title='Strau\u00df\u00e4cker I'>Strau\u00df\u00e4cker I<\/a><\/h3><\/header><\/div><footer class=\"entry-footer\"><\/footer><\/article><\/div><div data-ajax-id='925' class=' grid-entry flex_column isotope-item all_sort no_margin post-entry post-entry-925 grid-entry-overview grid-loop-7 grid-parity-odd  post-entry-last   av_one_fourth  default_av_fullwidth '><article class='main_color inner-entry'  itemscope=\"itemscope\" itemtype=\"https:\/\/schema.org\/CreativeWork\" ><a href=\"https:\/\/www.vssw.de\/en\/studentenwohnheim\/wiederholdstrasse\/\" title='Wiederholdstra\u00dfe'  data-rel='grid-1' class='grid-image avia-hover-fx'> <img decoding=\"async\" fetchpriority=\"high\" width=\"1200\" height=\"800\" src=\"https:\/\/www.vssw.de\/UP1\/wp-content\/uploads\/2019\/09\/Wiederholdstrasse-2.jpg\" class=\"wp-image-686 avia-img-lazy-loading-not-686 attachment-no scaling size-no scaling wp-post-image\" alt=\"\" srcset=\"https:\/\/www.vssw.de\/UP1\/wp-content\/uploads\/2019\/09\/Wiederholdstrasse-2.jpg 1200w, https:\/\/www.vssw.de\/UP1\/wp-content\/uploads\/2019\/09\/Wiederholdstrasse-2-300x200.jpg 300w, https:\/\/www.vssw.de\/UP1\/wp-content\/uploads\/2019\/09\/Wiederholdstrasse-2-768x512.jpg 768w, https:\/\/www.vssw.de\/UP1\/wp-content\/uploads\/2019\/09\/Wiederholdstrasse-2-1030x687.jpg 1030w, https:\/\/www.vssw.de\/UP1\/wp-content\/uploads\/2019\/09\/Wiederholdstrasse-2-705x470.jpg 705w\" sizes=\"(max-width: 1200px) 100vw, 1200px\" \/><\/a><div class='grid-content'><div class='avia-arrow'><\/div><header class=\"entry-content-header\" aria-label=\"Portfolio: Wiederholdstra\u00dfe\"><h3 class='grid-entry-title entry-title '  itemprop=\"headline\" ><a href='https:\/\/www.vssw.de\/en\/studentenwohnheim\/wiederholdstrasse\/' title='Wiederholdstra\u00dfe'>Wiederholdstra\u00dfe<\/a><\/h3><\/header><\/div><footer class=\"entry-footer\"><\/footer><\/article><\/div><\/div>\n<\/div><\/div><\/div><!-- close content main div --><\/div><\/div><div id='after_section_2'  class='main_color av_default_container_wrap container_wrap sidebar_right'  ><div class='container av-section-cont-open' ><div class='template-page content  av-content-small alpha units'><div class='post-entry post-entry-type-page post-entry-817'><div class='entry-content-wrapper clearfix'>\n","protected":false},"excerpt":{"rendered":"","protected":false},"author":2,"featured_media":0,"parent":0,"menu_order":0,"comment_status":"closed","ping_status":"closed","template":"","meta":{"footnotes":""},"class_list":["post-817","page","type-page","status-publish","hentry"],"aioseo_notices":[],"_links":{"self":[{"href":"https:\/\/www.vssw.de\/en\/wp-json\/wp\/v2\/pages\/817","targetHints":{"allow":["GET"]}}],"collection":[{"href":"https:\/\/www.vssw.de\/en\/wp-json\/wp\/v2\/pages"}],"about":[{"href":"https:\/\/www.vssw.de\/en\/wp-json\/wp\/v2\/types\/page"}],"author":[{"embeddable":true,"href":"https:\/\/www.vssw.de\/en\/wp-json\/wp\/v2\/users\/2"}],"replies":[{"embeddable":true,"href":"https:\/\/www.vssw.de\/en\/wp-json\/wp\/v2\/comments?post=817"}],"version-history":[{"count":2,"href":"https:\/\/www.vssw.de\/en\/wp-json\/wp\/v2\/pages\/817\/revisions"}],"predecessor-version":[{"id":3785,"href":"https:\/\/www.vssw.de\/en\/wp-json\/wp\/v2\/pages\/817\/revisions\/3785"}],"wp:attachment":[{"href":"https:\/\/www.vssw.de\/en\/wp-json\/wp\/v2\/media?parent=817"}],"curies":[{"name":"wp","href":"https:\/\/api.w.org\/{rel}","templated":true}]}}